{"id":8,"date":"2013-06-21T09:55:32","date_gmt":"2013-06-21T07:55:32","guid":{"rendered":"http:\/\/wp.sgmi-ssim.ch\/?page_id=8"},"modified":"2026-01-30T10:29:01","modified_gmt":"2026-01-30T09:29:01","slug":"kontakt","status":"publish","type":"page","link":"https:\/\/sgmi-ssim.org\/?page_id=8","title":{"rendered":"Kontakt"},"content":{"rendered":"\n<p>M\u00f6chten Sie auch Mitglied werden? Unser nettes Personal der SGMI-Gesch\u00e4ftsstelle freut sich \u00fcber Ihre Kontaktaufnahme via&nbsp;<a href=\"mailto:sekretariat@sgmi-ssim.ch\" target=\"_blank\" rel=\"noreferrer noopener\">E-Mail<\/a>&nbsp;und&nbsp;ist zu den \u00fcblichen B\u00fcrozeiten gerne f\u00fcr Sie da.&nbsp;<\/p>\n\n\n\n<p>Alternativ steht Ihnen auch unser&nbsp;<a href=\"\/wp-content\/uploads\/2023\/11\/SGMI_Anmeldeformular.pdf\" target=\"_blank\" rel=\"noreferrer noopener\">Anmeldeformular<\/a>&nbsp;zur Verf\u00fcgung.&nbsp;<\/p>\n\n\n\n<p><strong>E-Mail<\/strong><br><a href=\"mailto:sekretariat@sgmi-ssim.ch\" rel=\"noreferrer noopener\" target=\"_blank\">sekretariat@sgmi-ssim.ch<\/a><\/p>\n\n\n\n<p><strong>Telefon<\/strong><br>+41 31 343 30 25<\/p>\n\n\n\n<p><strong>Postadresse<\/strong><br>SGMI SSIM SSMI<br>Steinerstrasse 37<br>3006 Bern (Schweiz)<\/p>\n\n\n\n<p><\/p>\n","protected":false},"excerpt":{"rendered":"<p>M\u00f6chten Sie auch Mitglied werden? Unser nettes Personal der SGMI-Gesch\u00e4ftsstelle freut sich \u00fcber Ihre Kontaktaufnahme via&nbsp;E-Mail&nbsp;und&nbsp;ist zu den \u00fcblichen B\u00fcrozeiten gerne f\u00fcr Sie da.&nbsp; Alternativ steht Ihnen auch unser&nbsp;Anmeldeformular&nbsp;zur Verf\u00fcgung.&nbsp; E-Mailsekretariat@sgmi-ssim.ch Telefon+41 31 343 30 25 PostadresseSGMI SSIM SSMISteinerstrasse 373006 Bern (Schweiz)<\/p>\n","protected":false},"author":1,"featured_media":0,"parent":0,"menu_order":0,"comment_status":"closed","ping_status":"closed","template":"sidebar-page.php","meta":{"footnotes":""},"class_list":["post-8","page","type-page","status-publish","hentry"],"_links":{"self":[{"href":"https:\/\/sgmi-ssim.org\/index.php?rest_route=\/wp\/v2\/pages\/8","targetHints":{"allow":["GET"]}}],"collection":[{"href":"https:\/\/sgmi-ssim.org\/index.php?rest_route=\/wp\/v2\/pages"}],"about":[{"href":"https:\/\/sgmi-ssim.org\/index.php?rest_route=\/wp\/v2\/types\/page"}],"author":[{"embeddable":true,"href":"https:\/\/sgmi-ssim.org\/index.php?rest_route=\/wp\/v2\/users\/1"}],"replies":[{"embeddable":true,"href":"https:\/\/sgmi-ssim.org\/index.php?rest_route=%2Fwp%2Fv2%2Fcomments&post=8"}],"version-history":[{"count":19,"href":"https:\/\/sgmi-ssim.org\/index.php?rest_route=\/wp\/v2\/pages\/8\/revisions"}],"predecessor-version":[{"id":1795,"href":"https:\/\/sgmi-ssim.org\/index.php?rest_route=\/wp\/v2\/pages\/8\/revisions\/1795"}],"wp:attachment":[{"href":"https:\/\/sgmi-ssim.org\/index.php?rest_route=%2Fwp%2Fv2%2Fmedia&parent=8"}],"curies":[{"name":"wp","href":"https:\/\/api.w.org\/{rel}","templated":true}]}}