{"id":1556,"date":"2022-11-16T12:57:35","date_gmt":"2022-11-16T11:57:35","guid":{"rendered":"https:\/\/sgmi-ssim.org\/?page_id=1556"},"modified":"2022-11-16T13:42:49","modified_gmt":"2022-11-16T12:42:49","slug":"reinhold-sojer","status":"publish","type":"page","link":"https:\/\/sgmi-ssim.org\/?page_id=1556","title":{"rendered":"Reinhold Sojer"},"content":{"rendered":"\n<p>Reinhold Sojer<br>Dr. rer. biol. hum., MAS Managed Health Care<br>Leiter Digitalisierung \/ eHealth FMH<\/p>\n\n\n\n<figure class=\"wp-block-image size-large is-resized\"><img loading=\"lazy\" decoding=\"async\" src=\"https:\/\/sgmi-ssim.org\/wp-content\/uploads\/2022\/11\/Reinhold-Sojer_sw_1-799x1024.jpg\" alt=\"\" class=\"wp-image-1565\" width=\"160\" height=\"205\" srcset=\"https:\/\/sgmi-ssim.org\/wp-content\/uploads\/2022\/11\/Reinhold-Sojer_sw_1-799x1024.jpg 799w, https:\/\/sgmi-ssim.org\/wp-content\/uploads\/2022\/11\/Reinhold-Sojer_sw_1-234x300.jpg 234w, https:\/\/sgmi-ssim.org\/wp-content\/uploads\/2022\/11\/Reinhold-Sojer_sw_1-768x984.jpg 768w, https:\/\/sgmi-ssim.org\/wp-content\/uploads\/2022\/11\/Reinhold-Sojer_sw_1-1199x1536.jpg 1199w, https:\/\/sgmi-ssim.org\/wp-content\/uploads\/2022\/11\/Reinhold-Sojer_sw_1-1599x2048.jpg 1599w, https:\/\/sgmi-ssim.org\/wp-content\/uploads\/2022\/11\/Reinhold-Sojer_sw_1-scaled.jpg 1998w\" sizes=\"auto, (max-width: 160px) 100vw, 160px\" \/><\/figure>\n\n\n\n<p>Reinhold Sojer hat an der Friedrich-Alexander-Universit\u00e4t Informatik studiert und am Lehrstuhl f\u00fcr Medizinische Informatik der Universit\u00e4t im Bereich Wissensbasierte Systeme promoviert. An der Z\u00fcrcher Hochschule f\u00fcr Angewandte Wissenschaften hat er den Master of Advanced Studes in \u00abManaged Health Care\u00bb absolviert. <\/p>\n\n\n\n<p>Nach seiner Promotion war er zun\u00e4chst als Produktmanager und Health Information Consultant in der Pharmaindustrie t\u00e4tig und anschliessend als Berater f\u00fcr Managed Care Organisationen in der Schweiz. Als Wissenschaftlicher Mitarbeiter im Bundesamt f\u00fcr Gesundheit hat er das Ausf\u00fchrungsrecht zum Bundesgesetz \u00fcber das elektronische Patientendossier (EPD) mitgestaltet und war als Projektleiter f\u00fcr den Aufbau von Diensten f\u00fcr das EPD t\u00e4tig. <\/p>\n\n\n\n<p>Seit Anfang 2018 ist er Leiter der Abteilung Digitalisierung \/ eHealth der Verbindung der Schweizer \u00c4rztinnen und \u00c4rzte FMH.<\/p>\n","protected":false},"excerpt":{"rendered":"<p>Reinhold SojerDr. rer. biol. hum., MAS Managed Health CareLeiter Digitalisierung \/ eHealth FMH Reinhold Sojer hat an der Friedrich-Alexander-Universit\u00e4t Informatik studiert und am Lehrstuhl f\u00fcr Medizinische Informatik der Universit\u00e4t im Bereich Wissensbasierte Systeme promoviert. An der Z\u00fcrcher Hochschule f\u00fcr Angewandte Wissenschaften hat er den Master of Advanced Studes in \u00abManaged Health Care\u00bb absolviert. Nach seiner <a class=\"read-more\" href=\"https:\/\/sgmi-ssim.org\/?page_id=1556\">READ MORE<\/a><\/p>\n","protected":false},"author":18,"featured_media":0,"parent":125,"menu_order":0,"comment_status":"closed","ping_status":"closed","template":"","meta":{"footnotes":""},"class_list":["post-1556","page","type-page","status-publish","hentry"],"_links":{"self":[{"href":"https:\/\/sgmi-ssim.org\/index.php?rest_route=\/wp\/v2\/pages\/1556","targetHints":{"allow":["GET"]}}],"collection":[{"href":"https:\/\/sgmi-ssim.org\/index.php?rest_route=\/wp\/v2\/pages"}],"about":[{"href":"https:\/\/sgmi-ssim.org\/index.php?rest_route=\/wp\/v2\/types\/page"}],"author":[{"embeddable":true,"href":"https:\/\/sgmi-ssim.org\/index.php?rest_route=\/wp\/v2\/users\/18"}],"replies":[{"embeddable":true,"href":"https:\/\/sgmi-ssim.org\/index.php?rest_route=%2Fwp%2Fv2%2Fcomments&post=1556"}],"version-history":[{"count":3,"href":"https:\/\/sgmi-ssim.org\/index.php?rest_route=\/wp\/v2\/pages\/1556\/revisions"}],"predecessor-version":[{"id":1566,"href":"https:\/\/sgmi-ssim.org\/index.php?rest_route=\/wp\/v2\/pages\/1556\/revisions\/1566"}],"up":[{"embeddable":true,"href":"https:\/\/sgmi-ssim.org\/index.php?rest_route=\/wp\/v2\/pages\/125"}],"wp:attachment":[{"href":"https:\/\/sgmi-ssim.org\/index.php?rest_route=%2Fwp%2Fv2%2Fmedia&parent=1556"}],"curies":[{"name":"wp","href":"https:\/\/api.w.org\/{rel}","templated":true}]}}