{"id":142,"date":"2013-06-21T14:31:31","date_gmt":"2013-06-21T12:31:31","guid":{"rendered":"http:\/\/wp.sgmi-ssim.ch\/?page_id=142"},"modified":"2025-06-23T08:41:45","modified_gmt":"2025-06-23T07:41:45","slug":"smi-2","status":"publish","type":"page","link":"https:\/\/sgmi-ssim.org\/?page_id=142","title":{"rendered":"SMI"},"content":{"rendered":"\n<p>Die Mitgliederversammlung der SMI hat im Herbst 2023 wegen fehlender Eingaben zur Publikation das Amtsblatt der SGMI eingestellt.<\/p>\n\n\n<p><strong>Swiss Medical Informatics<\/strong><br \/>The journal of the Swiss Society of Medical Informatics<br \/>Die Zeitschrift der Schweizerischen Gesellschaft f\u00fcr Medizinische Informatik<br \/>Le journal de la soci\u00e9t\u00e9 suisse d&#8217;informatique m\u00e9dicale<\/p>\n\n\n<p><\/p>\n","protected":false},"excerpt":{"rendered":"<p>Die Mitgliederversammlung der SMI hat im Herbst 2023 wegen fehlender Eingaben zur Publikation das Amtsblatt der SGMI eingestellt. Swiss Medical InformaticsThe journal of the Swiss Society of Medical InformaticsDie Zeitschrift der Schweizerischen Gesellschaft f\u00fcr Medizinische InformatikLe journal de la soci\u00e9t\u00e9 suisse d&#8217;informatique m\u00e9dicale<\/p>\n","protected":false},"author":1,"featured_media":0,"parent":771,"menu_order":0,"comment_status":"closed","ping_status":"closed","template":"","meta":{"footnotes":""},"class_list":["post-142","page","type-page","status-publish","hentry"],"_links":{"self":[{"href":"https:\/\/sgmi-ssim.org\/index.php?rest_route=\/wp\/v2\/pages\/142","targetHints":{"allow":["GET"]}}],"collection":[{"href":"https:\/\/sgmi-ssim.org\/index.php?rest_route=\/wp\/v2\/pages"}],"about":[{"href":"https:\/\/sgmi-ssim.org\/index.php?rest_route=\/wp\/v2\/types\/page"}],"author":[{"embeddable":true,"href":"https:\/\/sgmi-ssim.org\/index.php?rest_route=\/wp\/v2\/users\/1"}],"replies":[{"embeddable":true,"href":"https:\/\/sgmi-ssim.org\/index.php?rest_route=%2Fwp%2Fv2%2Fcomments&post=142"}],"version-history":[{"count":11,"href":"https:\/\/sgmi-ssim.org\/index.php?rest_route=\/wp\/v2\/pages\/142\/revisions"}],"predecessor-version":[{"id":1769,"href":"https:\/\/sgmi-ssim.org\/index.php?rest_route=\/wp\/v2\/pages\/142\/revisions\/1769"}],"up":[{"embeddable":true,"href":"https:\/\/sgmi-ssim.org\/index.php?rest_route=\/wp\/v2\/pages\/771"}],"wp:attachment":[{"href":"https:\/\/sgmi-ssim.org\/index.php?rest_route=%2Fwp%2Fv2%2Fmedia&parent=142"}],"curies":[{"name":"wp","href":"https:\/\/api.w.org\/{rel}","templated":true}]}}